{"id":658,"date":"2018-03-18T03:42:44","date_gmt":"2018-03-18T03:42:44","guid":{"rendered":"https:\/\/www.gingerprocess.com\/?page_id=658"},"modified":"2018-03-18T03:42:44","modified_gmt":"2018-03-18T03:42:44","slug":"sobre-nos","status":"publish","type":"page","link":"https:\/\/www.gingerprocess.com\/pt-br\/sobre-nos\/","title":{"rendered":"Sobre n\u00f3s"},"content":{"rendered":"<p><a href=\"https:\/\/www.gingerprocess.com\/wp-content\/uploads\/2017\/10\/Banner02-Automatic-Brush-Type-Ginger-Peeling-Machine-Manufacture-for-Sale.jpg\"><img decoding=\"async\" class=\"alignnone size-full wp-image-360\" src=\"https:\/\/www.gingerprocess.com\/wp-content\/uploads\/2017\/10\/Banner02-Automatic-Brush-Type-Ginger-Peeling-Machine-Manufacture-for-Sale.jpg\" alt=\"Banner02-Automatic-Brush-Type-Ginger-Peeling-Machine-Manufacture-for-Sale\" width=\"1900\" height=\"500\" srcset=\"https:\/\/www.gingerprocess.com\/wp-content\/uploads\/2017\/10\/Banner02-Automatic-Brush-Type-Ginger-Peeling-Machine-Manufacture-for-Sale.jpg 1900w, https:\/\/www.gingerprocess.com\/wp-content\/uploads\/2017\/10\/Banner02-Automatic-Brush-Type-Ginger-Peeling-Machine-Manufacture-for-Sale-300x79.jpg 300w, https:\/\/www.gingerprocess.com\/wp-content\/uploads\/2017\/10\/Banner02-Automatic-Brush-Type-Ginger-Peeling-Machine-Manufacture-for-Sale-768x202.jpg 768w, https:\/\/www.gingerprocess.com\/wp-content\/uploads\/2017\/10\/Banner02-Automatic-Brush-Type-Ginger-Peeling-Machine-Manufacture-for-Sale-1024x269.jpg 1024w\" sizes=\"(max-width: 1900px) 100vw, 1900px\" \/><\/a><\/p>\n<p>Romiter Machinery Co., Ltd. \u00e9 um designer l\u00edder do mercado e um fabricante de m\u00e1quina de processamento de gengibre. Nossa f\u00e1brica est\u00e1 localizada na China Central. com conveniente ir e vir e localiza\u00e7\u00e3o geogr\u00e1fica vantajosa. Cobrindo uma grande \u00e1rea.<\/p>\n<p><a href=\"https:\/\/www.gingerprocess.com\/wp-content\/uploads\/2017\/06\/Banner05-Ginger-Slicing-Cutting-Machine-Manufacture-for-Sale.jpg\"><img decoding=\"async\" class=\"alignnone size-full wp-image-363\" src=\"https:\/\/www.gingerprocess.com\/wp-content\/uploads\/2017\/06\/Banner05-Ginger-Slicing-Cutting-Machine-Manufacture-for-Sale.jpg\" alt=\"Banner05-Ginger-Slicing-Cutting-Machine-Manufacture-for-Sale\" width=\"1900\" height=\"500\" srcset=\"https:\/\/www.gingerprocess.com\/wp-content\/uploads\/2017\/06\/Banner05-Ginger-Slicing-Cutting-Machine-Manufacture-for-Sale.jpg 1900w, https:\/\/www.gingerprocess.com\/wp-content\/uploads\/2017\/06\/Banner05-Ginger-Slicing-Cutting-Machine-Manufacture-for-Sale-300x79.jpg 300w, https:\/\/www.gingerprocess.com\/wp-content\/uploads\/2017\/06\/Banner05-Ginger-Slicing-Cutting-Machine-Manufacture-for-Sale-768x202.jpg 768w, https:\/\/www.gingerprocess.com\/wp-content\/uploads\/2017\/06\/Banner05-Ginger-Slicing-Cutting-Machine-Manufacture-for-Sale-1024x269.jpg 1024w\" sizes=\"(max-width: 1900px) 100vw, 1900px\" \/><\/a><\/p>\n<p>A Romiter Machinery ganha grande reputa\u00e7\u00e3o por produtos com alta efici\u00eancia, excelente confiabilidade, f\u00e1cil manuten\u00e7\u00e3o e longa vida \u00fatil. A Romiter possui uma excelente equipe de suporte t\u00e9cnico, incluindo maquinistas e t\u00e9cnicos de servi\u00e7o altamente experientes. Agora, nossa f\u00e1brica pode fornecer<\/p>\n<p><a href=\"https:\/\/www.gingerprocess.com\/wp-content\/uploads\/2017\/10\/Banner03-Automatic-Ginger-Slice-Ginger-Flake-Dryer-Oven-Manufacture.jpg\"><img decoding=\"async\" class=\"alignnone size-full wp-image-361\" src=\"https:\/\/www.gingerprocess.com\/wp-content\/uploads\/2017\/10\/Banner03-Automatic-Ginger-Slice-Ginger-Flake-Dryer-Oven-Manufacture.jpg\" alt=\"Banner03-Automatic-Ginger-Slice-Ginger-Flake-Dryer-Oven-Manufacture\" width=\"1900\" height=\"500\" srcset=\"https:\/\/www.gingerprocess.com\/wp-content\/uploads\/2017\/10\/Banner03-Automatic-Ginger-Slice-Ginger-Flake-Dryer-Oven-Manufacture.jpg 1900w, https:\/\/www.gingerprocess.com\/wp-content\/uploads\/2017\/10\/Banner03-Automatic-Ginger-Slice-Ginger-Flake-Dryer-Oven-Manufacture-300x79.jpg 300w, https:\/\/www.gingerprocess.com\/wp-content\/uploads\/2017\/10\/Banner03-Automatic-Ginger-Slice-Ginger-Flake-Dryer-Oven-Manufacture-768x202.jpg 768w, https:\/\/www.gingerprocess.com\/wp-content\/uploads\/2017\/10\/Banner03-Automatic-Ginger-Slice-Ginger-Flake-Dryer-Oven-Manufacture-1024x269.jpg 1024w\" sizes=\"(max-width: 1900px) 100vw, 1900px\" \/><\/a><\/p>\n<p>A M\u00e1quina de processamento de gengibre Romiter atende aos requisitos de qualidade da Europa. Com Certifica\u00e7\u00e3o CE, o Cliente n\u00e3o precisa se preocupar com a importa\u00e7\u00e3o<\/p>\n<p>&nbsp;<\/p>\n<p><a href=\"https:\/\/www.gingerprocess.com\/wp-content\/uploads\/2017\/10\/Banner04-Automatic-Ginger-Mesh-Bag-Scaling-Packing-Machine-Manufacture.jpg\"><img decoding=\"async\" class=\"alignnone size-full wp-image-362\" src=\"https:\/\/www.gingerprocess.com\/wp-content\/uploads\/2017\/10\/Banner04-Automatic-Ginger-Mesh-Bag-Scaling-Packing-Machine-Manufacture.jpg\" alt=\"Banner04-Automatic-Ginger-Mesh-Bag-Scaling-Packing-Machine-Manufacture\" width=\"1900\" height=\"500\" srcset=\"https:\/\/www.gingerprocess.com\/wp-content\/uploads\/2017\/10\/Banner04-Automatic-Ginger-Mesh-Bag-Scaling-Packing-Machine-Manufacture.jpg 1900w, https:\/\/www.gingerprocess.com\/wp-content\/uploads\/2017\/10\/Banner04-Automatic-Ginger-Mesh-Bag-Scaling-Packing-Machine-Manufacture-300x79.jpg 300w, https:\/\/www.gingerprocess.com\/wp-content\/uploads\/2017\/10\/Banner04-Automatic-Ginger-Mesh-Bag-Scaling-Packing-Machine-Manufacture-768x202.jpg 768w, https:\/\/www.gingerprocess.com\/wp-content\/uploads\/2017\/10\/Banner04-Automatic-Ginger-Mesh-Bag-Scaling-Packing-Machine-Manufacture-1024x269.jpg 1024w\" sizes=\"(max-width: 1900px) 100vw, 1900px\" \/><\/a><\/p>\n<p>Romiter Group provides a complete ginger processing machine\u00a0solution, which includes but is not limited to:<\/p>\n<ol>\n<li><a href=\"https:\/\/www.gingerprocess.com\/semi-automatic-ginger-washing-peeling-machine\/\">Ginger Washing Peeling Machine<\/a><\/li>\n<li><a href=\"https:\/\/www.gingerprocess.com\/automatic-ginger-slicing-cutting-machine-for-sale\/\">Ginger Slicing Machine<\/a><\/li>\n<li><a href=\"https:\/\/www.gingerprocess.com\/full-automatic-multi-layer-ginger-slice-dryer-machine\/\">Ginger Dryer Oven<\/a><\/li>\n<li><a href=\"https:\/\/www.gingerprocess.com\/semi-automatic-ginger-powder-production-line-for-sale\/\">Ginger Powder Making Machine<\/a><\/li>\n<li><a href=\"https:\/\/www.gingerprocess.com\/automatic-ginger-juicer-machine\/\">Ginger Juicer Machine<\/a><\/li>\n<li><a href=\"https:\/\/www.gingerprocess.com\/automatic-ginger-weighting-packing-machine\/\">Ginger Packing Machine<\/a><\/li>\n<li>Ginger Oil Machine<\/li>\n<\/ol>\n<p>Romiter Group can provide customized products for customers. Welcome to contact with us for more information.<\/p>\n<p><strong>Facebook<\/strong><\/p>\n<p><a href=\"https:\/\/www.facebook.com\/GingerProcessingMachine\/\">https:\/\/www.facebook.com\/GingerProcessingMachine\/<\/a><\/p>\n\n<div class=\"wpcf7 no-js\" id=\"wpcf7-f4-o1\" lang=\"en-US\" dir=\"ltr\" data-wpcf7-id=\"4\">\n<div class=\"screen-reader-response\"><p role=\"status\" aria-live=\"polite\" aria-atomic=\"true\"><\/p> <ul><\/ul><\/div>\n<form action=\"\/pt-br\/wp-json\/wp\/v2\/pages\/658#wpcf7-f4-o1\" method=\"post\" class=\"wpcf7-form init\" aria-label=\"Contact form\" novalidate=\"novalidate\" data-status=\"init\">\n<fieldset class=\"hidden-fields-container\"><input type=\"hidden\" name=\"_wpcf7\" value=\"4\" \/><input type=\"hidden\" name=\"_wpcf7_version\" value=\"6.1.5\" \/><input type=\"hidden\" name=\"_wpcf7_locale\" value=\"en_US\" \/><input type=\"hidden\" name=\"_wpcf7_unit_tag\" value=\"wpcf7-f4-o1\" \/><input type=\"hidden\" name=\"_wpcf7_container_post\" value=\"0\" \/><input type=\"hidden\" name=\"_wpcf7_posted_data_hash\" value=\"\" \/>\n<\/fieldset>\n<div id=\"inquiryForm\">\n\t<h2>Send Us Inquiry to Get Quotation\n\t<\/h2>\n\t<p>Please enter your contact information and the details you want to know about our product.\n\t<\/p>\n\t<p>Your Name (required)\n\t<\/p>\n\t<p><span class=\"wpcf7-form-control-wrap\" data-name=\"your-name\"><input size=\"40\" maxlength=\"400\" class=\"wpcf7-form-control wpcf7-text wpcf7-validates-as-required\" aria-required=\"true\" aria-invalid=\"false\" value=\"\" type=\"text\" name=\"your-name\" \/><\/span>\n\t<\/p>\n\t<p>Your Email (required)\n\t<\/p>\n\t<p><span class=\"wpcf7-form-control-wrap\" data-name=\"your-email\"><input size=\"40\" maxlength=\"400\" class=\"wpcf7-form-control wpcf7-email wpcf7-validates-as-required wpcf7-text wpcf7-validates-as-email\" aria-required=\"true\" aria-invalid=\"false\" value=\"\" type=\"email\" name=\"your-email\" \/><\/span>\n\t<\/p>\n\t<p>Country\n\t<\/p>\n\t<p><span class=\"wpcf7-form-control-wrap\" data-name=\"your-country\"><input size=\"40\" maxlength=\"400\" class=\"wpcf7-form-control wpcf7-text\" aria-invalid=\"false\" placeholder=\"Tell us Your Country\" value=\"\" type=\"text\" name=\"your-country\" \/><\/span>\n\t<\/p>\n\t<p>WhatsApp\n\t<\/p>\n\t<p><span class=\"wpcf7-form-control-wrap\" data-name=\"your-whatsapp\"><input size=\"40\" maxlength=\"400\" class=\"wpcf7-form-control wpcf7-text\" aria-invalid=\"false\" placeholder=\"Your WhatsApp ID with Country Code\" value=\"\" type=\"text\" name=\"your-whatsapp\" \/><\/span>\n\t<\/p>\n\t<p>Subject\n\t<\/p>\n\t<p><span class=\"wpcf7-form-control-wrap\" data-name=\"your-subject\"><input size=\"40\" maxlength=\"400\" class=\"wpcf7-form-control wpcf7-text\" aria-invalid=\"false\" value=\"\" type=\"text\" name=\"your-subject\" \/><\/span>\n\t<\/p>\n\t<p>Your Message\n\t<\/p>\n\t<p><span class=\"wpcf7-form-control-wrap\" data-name=\"your-message\"><textarea cols=\"40\" rows=\"10\" maxlength=\"2000\" class=\"wpcf7-form-control wpcf7-textarea\" aria-invalid=\"false\" placeholder=\"please specify your detail requirement here\" name=\"your-message\"><\/textarea><\/span>\n\t<\/p>\n\t<p><input class=\"wpcf7-form-control wpcf7-submit has-spinner\" type=\"submit\" value=\"Send\" \/>\n\t<\/p>\n<\/div><p style=\"display: none !important;\" class=\"akismet-fields-container\" data-prefix=\"_wpcf7_ak_\"><label>&#916;<textarea name=\"_wpcf7_ak_hp_textarea\" cols=\"45\" rows=\"8\" maxlength=\"100\"><\/textarea><\/label><input type=\"hidden\" id=\"ak_js_1\" name=\"_wpcf7_ak_js\" value=\"134\"\/><script type=\"text\/javascript\">\n\/* <![CDATA[ *\/\ndocument.getElementById( \"ak_js_1\" ).setAttribute( \"value\", ( new Date() ).getTime() );\n\/* ]]> *\/\n<\/script>\n<\/p><div class=\"wpcf7-response-output\" aria-hidden=\"true\"><\/div>\n<\/form>\n<\/div>\n\n","protected":false},"excerpt":{"rendered":"<p>Romiter Machinery Co., Ltd. \u00e9 um designer l\u00edder do mercado e um fabricante de m\u00e1quina de processamento de gengibre. Nossa f\u00e1brica est\u00e1 localizada na China Central. com conveniente ir e vir e localiza\u00e7\u00e3o geogr\u00e1fica vantajosa. Cobrindo uma grande \u00e1rea. A Romiter Machinery ganha grande reputa\u00e7\u00e3o por produtos com alta efici\u00eancia, excelente confiabilidade, f\u00e1cil manuten\u00e7\u00e3o e longa vida \u00fatil. A Romiter possui uma excelente equipe de suporte t\u00e9cnico, incluindo maquinistas e t\u00e9cnicos de servi\u00e7o altamente experientes. Agora, nossa f\u00e1brica pode fornecer A M\u00e1quina de processamento de gengibre Romiter atende aos requisitos de qualidade da Europa. Com Certifica\u00e7\u00e3o CE, o Cliente n\u00e3o precisa se preocupar com a importa\u00e7\u00e3o &nbsp; Romiter Group provides a complete ginger processing machine\u00a0solution, which includes but is not limited to: Ginger Washing Peeling Machine Ginger Slicing Machine Ginger Dryer Oven Ginger Powder Making Machine Ginger Juicer Machine Ginger Packing Machine Ginger Oil Machine Romiter Group can provide customized products for customers. Welcome to contact with us for more &#8230;<\/p>\n","protected":false},"author":1,"featured_media":0,"parent":0,"menu_order":0,"comment_status":"closed","ping_status":"closed","template":"","meta":{"footnotes":""},"class_list":["post-658","page","type-page","status-publish","hentry"],"aioseo_notices":[],"jetpack_sharing_enabled":true,"_links":{"self":[{"href":"https:\/\/www.gingerprocess.com\/pt-br\/wp-json\/wp\/v2\/pages\/658","targetHints":{"allow":["GET"]}}],"collection":[{"href":"https:\/\/www.gingerprocess.com\/pt-br\/wp-json\/wp\/v2\/pages"}],"about":[{"href":"https:\/\/www.gingerprocess.com\/pt-br\/wp-json\/wp\/v2\/types\/page"}],"author":[{"embeddable":true,"href":"https:\/\/www.gingerprocess.com\/pt-br\/wp-json\/wp\/v2\/users\/1"}],"replies":[{"embeddable":true,"href":"https:\/\/www.gingerprocess.com\/pt-br\/wp-json\/wp\/v2\/comments?post=658"}],"version-history":[{"count":0,"href":"https:\/\/www.gingerprocess.com\/pt-br\/wp-json\/wp\/v2\/pages\/658\/revisions"}],"wp:attachment":[{"href":"https:\/\/www.gingerprocess.com\/pt-br\/wp-json\/wp\/v2\/media?parent=658"}],"curies":[{"name":"wp","href":"https:\/\/api.w.org\/{rel}","templated":true}]}}